{"id":173,"date":"2021-01-21T10:46:03","date_gmt":"2021-01-21T10:46:03","guid":{"rendered":"https:\/\/landvilla-studio.de\/?page_id=173"},"modified":"2021-04-15T12:16:16","modified_gmt":"2021-04-15T12:16:16","slug":"projekte-partner","status":"publish","type":"page","link":"https:\/\/landvilla-studio.de\/?page_id=173","title":{"rendered":"PROJEKTE &#038; PARTNER"},"content":{"rendered":"\n<h2 class=\"has-text-color has-medium-font-size wp-block-heading\" style=\"color:#366e87\">Unsere gemeinsamen Projekte<br><\/h2>\n\n\n\n<p class=\"has-text-align-left\">Die Freude an der gemeinsamen Arbeit im Studio ist immer das Wichtigste bei unseren Projekten.<br>Um etwas Neues in Musik und Sprache zu erschaffen und auch tats\u00e4chlich umsetzen zu k\u00f6nnen, ist das genauso entscheidend wie der kreative Freiraum. <br>Die gestalterischen M\u00f6glichkeiten des LANDVILLA-Studios sind die Basis f\u00fcr unsere Musiker*innen, Komponisten und Komponistinnen.<br><br>Unsere bisherigen Projekte besch\u00e4ftigen sich mit Text, Literatur, Imagefilmen, und Musik.<\/p>\n\n\n\n<p>Erfahrungen mit historischen Instrumenten aus Mittelalter und Renaissance, kombiniert mit modernem Sound-Design f\u00fchrten uns zu musikalischen Schwerpunkten.<\/p>\n\n\n\n<div class=\"wp-block-columns is-layout-flex wp-container-core-columns-is-layout-28f84493 wp-block-columns-is-layout-flex\">\n<div class=\"wp-block-column is-layout-flow wp-block-column-is-layout-flow\" style=\"flex-basis:66.66%\">\n<ul class=\"wp-block-list\"><li>Acoustic Folk &amp; Modern Folk<\/li><li>World Music<\/li><li>Musik aus der Renaissance<\/li><li>Religi\u00f6se Musik<\/li><li>Chor und Orchester<\/li><li>Ambient Acoustic<\/li><\/ul>\n<\/div>\n\n\n\n<div class=\"wp-block-column is-layout-flow wp-block-column-is-layout-flow\" style=\"flex-basis:33.33%\">\n<figure class=\"wp-block-image size-large is-resized\"><img loading=\"lazy\" decoding=\"async\" src=\"https:\/\/landvilla-studio.de\/wp-content\/uploads\/2021\/01\/IMG_9921EOS-50D2019_11_28-1024x683.jpeg\" alt=\"\" class=\"wp-image-177\" width=\"182\" height=\"121\" srcset=\"https:\/\/landvilla-studio.de\/wp-content\/uploads\/2021\/01\/IMG_9921EOS-50D2019_11_28-1024x683.jpeg 1024w, https:\/\/landvilla-studio.de\/wp-content\/uploads\/2021\/01\/IMG_9921EOS-50D2019_11_28-300x200.jpeg 300w, https:\/\/landvilla-studio.de\/wp-content\/uploads\/2021\/01\/IMG_9921EOS-50D2019_11_28-768x512.jpeg 768w, https:\/\/landvilla-studio.de\/wp-content\/uploads\/2021\/01\/IMG_9921EOS-50D2019_11_28-2048x1365.jpeg 2048w, https:\/\/landvilla-studio.de\/wp-content\/uploads\/2021\/01\/IMG_9921EOS-50D2019_11_28-830x553.jpeg 830w, https:\/\/landvilla-studio.de\/wp-content\/uploads\/2021\/01\/IMG_9921EOS-50D2019_11_28-230x153.jpeg 230w, https:\/\/landvilla-studio.de\/wp-content\/uploads\/2021\/01\/IMG_9921EOS-50D2019_11_28-350x233.jpeg 350w, https:\/\/landvilla-studio.de\/wp-content\/uploads\/2021\/01\/IMG_9921EOS-50D2019_11_28-480x320.jpeg 480w\" sizes=\"auto, (max-width: 182px) 100vw, 182px\" \/><figcaption>Drehleier<\/figcaption><\/figure>\n<\/div>\n<\/div>\n\n\n\n<h2 class=\"has-text-color has-medium-font-size wp-block-heading\" style=\"color:#366e87\">Tontr\u00e4ger<\/h2>\n\n\n\n<ul class=\"wp-block-list\"><li><strong>Hubert Hopfner <\/strong>&#8211; Landvilla-Audio<br>&#8222;In der Gmoi: dalust und ausdeitscht &#8211; Schmunzelgeschichten aus dem Altm\u00fchltal&#8220;<br>Ein H\u00f6rbuch auf Doppel-CD, in Mundart erz\u00e4hlt von Werner Kr\u00e4nzlein<br>20 Geschichten, Laufzeit ca. 112 min, <strong>Preis 15.-\u20ac<\/strong><br>Erh\u00e4ltlich im R\u00f6mer &amp; Bajuwaren Museum und in der Touristinfo Kipfenberg.<br>Bestellbar auch hier \u00fcber unserer Kontaktseite unter office@landvilla-studio.de (zzgl. 2\u20ac Versandkosten f\u00fcr Versand innerhalb Deutschlands)<br><\/li><li><strong>pl\u00e2terspil &#8211; Musik aus altenZeiten<\/strong> <br>&#8222;Die Vierte &#8211; Lauschet, singet, tanzet&#8220;<\/li><li><strong>Karl-Heinz Werner mit Allegria<\/strong> Projektchor und Ensemble<br>&#8220; Lieder und Instrumentalst\u00fccke aus der Albanienmesse&#8220;<\/li><li><strong>Karl-Heinz Werner und Ensemble<\/strong><br>&#8222;Ave Maria &#8211; Ein Lied f\u00fcr die Albanienhilfe&#8220; eine CD-Faltkarte<\/li><\/ul>\n\n\n\n<p>Fall Sie Interesse an einer der CDs haben sollten, senden Sie uns bitte eine Nachricht, wir haben noch wenige Restbest\u00e4nde.<\/p>\n\n\n\n<h2 class=\"has-text-color has-medium-font-size wp-block-heading\" style=\"color:#366e87\">Unsere Partner &#8211; Freunde &#8211; Auftraggeber<\/h2>\n\n\n\n<ul class=\"wp-block-list\"><li>OldMillValley &#8211; Film, TV, Media &#8212; <a href=\"https:\/\/www.oldmillvalley.com\" data-type=\"URL\" data-id=\"https:\/\/www.oldmillvalley.com\">www.oldmillvalley.de<\/a><\/li><li>Akademie f\u00fcr professionelles Sprechen &#8211; Berlin<\/li><li>Stadt Berching<\/li><li>Sajojo &#8211; Showband Greding<\/li><li>pl\u00e2terspil &#8211; Musik aus alten Zeiten &#8212; <a href=\"http:\/\/www.platerspil.de\" data-type=\"URL\" data-id=\"http:\/\/www.platerspil.de\">www.platerspil.de<\/a><\/li><li>B.E.M. &#8211; Bayerische Elektrische Maschinen GmbH<\/li><li>Allegria &#8211; Projektchor und Ensemble<\/li><li>Albanienhilfe &#8211; Stammham<\/li><li>Annemarie Franke<br><br><\/li><\/ul>\n\n\n\n<div class=\"wp-block-buttons is-layout-flex wp-block-buttons-is-layout-flex\">\n<div class=\"wp-block-button\"><a class=\"wp-block-button__link has-white-color has-text-color has-background\" href=\"https:\/\/landvilla-studio.de\/\" style=\"border-radius:2px;background-color:#366e87\">Zur Startseite<\/a><\/div>\n<\/div>\n","protected":false},"excerpt":{"rendered":"<p>Unsere gemeinsamen Projekte Die Freude an der gemeinsamen Arbeit im [&hellip;]<\/p>\n","protected":false},"author":1,"featured_media":0,"parent":0,"menu_order":0,"comment_status":"closed","ping_status":"closed","template":"","meta":{"footnotes":""},"class_list":["post-173","page","type-page","status-publish","hentry"],"_links":{"self":[{"href":"https:\/\/landvilla-studio.de\/index.php?rest_route=\/wp\/v2\/pages\/173","targetHints":{"allow":["GET"]}}],"collection":[{"href":"https:\/\/landvilla-studio.de\/index.php?rest_route=\/wp\/v2\/pages"}],"about":[{"href":"https:\/\/landvilla-studio.de\/index.php?rest_route=\/wp\/v2\/types\/page"}],"author":[{"embeddable":true,"href":"https:\/\/landvilla-studio.de\/index.php?rest_route=\/wp\/v2\/users\/1"}],"replies":[{"embeddable":true,"href":"https:\/\/landvilla-studio.de\/index.php?rest_route=%2Fwp%2Fv2%2Fcomments&post=173"}],"version-history":[{"count":18,"href":"https:\/\/landvilla-studio.de\/index.php?rest_route=\/wp\/v2\/pages\/173\/revisions"}],"predecessor-version":[{"id":285,"href":"https:\/\/landvilla-studio.de\/index.php?rest_route=\/wp\/v2\/pages\/173\/revisions\/285"}],"wp:attachment":[{"href":"https:\/\/landvilla-studio.de\/index.php?rest_route=%2Fwp%2Fv2%2Fmedia&parent=173"}],"curies":[{"name":"wp","href":"https:\/\/api.w.org\/{rel}","templated":true}]}}